{"id":3001,"date":"2023-10-27T06:46:11","date_gmt":"2023-10-27T06:46:11","guid":{"rendered":"https:\/\/demos-prague.foxthemes.me\/elementor\/?page_id=3001"},"modified":"2024-11-13T09:01:13","modified_gmt":"2024-11-13T09:01:13","slug":"about","status":"publish","type":"page","link":"https:\/\/o-bdesign.com\/en\/?page_id=3001","title":{"rendered":"\u00c0 Propos"},"content":{"rendered":"\t\t<div data-elementor-type=\"wp-page\" data-elementor-id=\"3001\" class=\"elementor elementor-3001\">\n\t\t\t\t<div class=\"elementor-element elementor-element-e23d33e e-con-full e-flex e-con e-parent\" data-id=\"e23d33e\" data-element_type=\"container\">\n\t\t\t\t<div class=\"elementor-element elementor-element-12f6c871 elementor-widget elementor-widget-banner-title\" data-id=\"12f6c871\" data-element_type=\"widget\" data-widget_type=\"banner-title.default\">\n\t\t\t\t<div class=\"elementor-widget-container\">\n\t\t\t\t\t<section class=\"container-fluid top-banner no-padd  simple  light\">\t\t\t\t<span class=\"overlay\"><\/span>\r\n\t\t\t<img decoding=\"async\" src=\"https:\/\/o-bdesign.com\/en\/wp-content\/uploads\/2024\/05\/About.jpg\" class=\"s-img-switch\" alt=\"\" \/>\t\t\t<div class=\"content\">\r\n\t\t\t\t<div class=\"prague-svg-animation-text\">\r\n\t\t\t\t\t\t\t\t\t<\/div>\r\n\t\t\t\t<div class=\"subtitle\">ABOUT<\/div>\t\t\t\t<h1 class=\"title\">O-B design interior architecture<\/h1>\t\t\t\t\t\t\t\t\t\t\t<\/div>\r\n\t\t\t<div class=\"top-banner-cursor\"><\/div>\r\n\t\t<\/section>\r\n\t\t\t\t<\/div>\n\t\t\t\t<\/div>\n\t\t\t\t<\/div>\n\t\t<div class=\"elementor-element elementor-element-7dfaa33e e-flex e-con-boxed e-con e-parent\" data-id=\"7dfaa33e\" data-element_type=\"container\">\n\t\t\t\t\t<div class=\"e-con-inner\">\n\t\t<div class=\"elementor-element elementor-element-3412a143 e-con-full e-flex e-con e-child\" data-id=\"3412a143\" data-element_type=\"container\">\n\t\t\t\t<div class=\"elementor-element elementor-element-4a0081de elementor-widget elementor-widget-team-widget\" data-id=\"4a0081de\" data-element_type=\"widget\" data-widget_type=\"team-widget.default\">\n\t\t\t\t<div class=\"elementor-widget-container\">\n\t\t\t\t\t\t                <div class=\"team-wrapper  simple no-figure simple\">\r\n                    <div class=\"trans_figures \">\r\n\r\n\t\t\t\t\t\t                            <svg xmlns=\"http:\/\/www.w3.org\/2000\/svg\"\r\n                                 preserveAspectRatio=\"xMidYMid meet\">\r\n\r\n\t\t\t\t\t\t\t\t                                    <polygon fill=\"transparent\"\r\n                                             points=\"\"  \/>\r\n\t\t\t\t\t\t\t\t\r\n                            <\/svg>\r\n\t\t\t\t\t\t                    <\/div>\r\n\r\n                    <div class=\"team-outer\"  style=\" height:600px\">\r\n\t\t\t\t\t\t<img decoding=\"async\" src=\"https:\/\/o-bdesign.com\/en\/wp-content\/uploads\/2024\/11\/WhatsApp-Image-2024-11-12-at-14.53.57-1.jpg\" class=\"prague-team-img s-img-switch\" alt=\"\" \/>                    <\/div>\r\n\r\n\t\t\t\t\t\t\t\t\t\t                <\/div>\r\n\t\t\t\t\t<\/div>\n\t\t\t\t<\/div>\n\t\t\t\t<\/div>\n\t\t<div class=\"elementor-element elementor-element-688a96b4 e-con-full e-flex e-con e-child\" data-id=\"688a96b4\" data-element_type=\"container\">\n\t\t\t\t<div class=\"elementor-element elementor-element-18cbfe69 elementor-widget elementor-widget-headings-widget\" data-id=\"18cbfe69\" data-element_type=\"widget\" data-widget_type=\"headings-widget.default\">\n\t\t\t\t<div class=\"elementor-widget-container\">\n\t\t\t            <div class=\"heading  left dark \">\r\n\t\t\t\t\r\n\t\t\t\t                    <div class=\"subtitle \">OZGE BAYRAKTAROGLU DAUNAY<\/div>\r\n                                \t\t\t\t                <div class=\"content \">\r\n                    <p><p>OB Design is an interior architecture company offering original architectural designs combining aesthetics and functionality. Founded in Nice by Turkish-born interior designer \u00d6zge Bayraktaro\u011flu Daunay and her French husband Bastien Daunay, the company specializes in luxury interior design projects. The founders, who completed their training at Anadolu University in Eski\u015fehir in Turkey and at the \u00c9cole Sp\u00e9ciale d'Architecture de Paris, benefit from international experience and a successful professional background.<\/p><p>OB Design adopts a vision of transformation and personalization of living spaces by offering its clients unique and original designs.<\/p><p>OB Design stands out for its projects focused on aesthetics and functionality.<\/p><\/p><\/div>\r\n\t\t\t\t\r\n            <\/div>\r\n\t\t\t\t\t<\/div>\n\t\t\t\t<\/div>\n\t\t\t\t<\/div>\n\t\t\t\t\t<\/div>\n\t\t\t\t<\/div>\n\t\t\t\t<\/div>\n\t\t","protected":false},"excerpt":{"rendered":"","protected":false},"author":1,"featured_media":0,"parent":0,"menu_order":0,"comment_status":"closed","ping_status":"closed","template":"elementor_header_footer","meta":{"footnotes":""},"class_list":["post-3001","page","type-page","status-publish","hentry"],"featured_image_src":"","featured_image_src_square":"","_links":{"self":[{"href":"https:\/\/o-bdesign.com\/en\/index.php?rest_route=\/wp\/v2\/pages\/3001","targetHints":{"allow":["GET"]}}],"collection":[{"href":"https:\/\/o-bdesign.com\/en\/index.php?rest_route=\/wp\/v2\/pages"}],"about":[{"href":"https:\/\/o-bdesign.com\/en\/index.php?rest_route=\/wp\/v2\/types\/page"}],"author":[{"embeddable":true,"href":"https:\/\/o-bdesign.com\/en\/index.php?rest_route=\/wp\/v2\/users\/1"}],"replies":[{"embeddable":true,"href":"https:\/\/o-bdesign.com\/en\/index.php?rest_route=%2Fwp%2Fv2%2Fcomments&post=3001"}],"version-history":[{"count":48,"href":"https:\/\/o-bdesign.com\/en\/index.php?rest_route=\/wp\/v2\/pages\/3001\/revisions"}],"predecessor-version":[{"id":5713,"href":"https:\/\/o-bdesign.com\/en\/index.php?rest_route=\/wp\/v2\/pages\/3001\/revisions\/5713"}],"wp:attachment":[{"href":"https:\/\/o-bdesign.com\/en\/index.php?rest_route=%2Fwp%2Fv2%2Fmedia&parent=3001"}],"curies":[{"name":"wp","href":"https:\/\/api.w.org\/{rel}","templated":true}]}}