{"id":3001,"date":"2023-10-27T06:46:11","date_gmt":"2023-10-27T06:46:11","guid":{"rendered":"https:\/\/demos-prague.foxthemes.me\/elementor\/?page_id=3001"},"modified":"2024-11-13T08:52:46","modified_gmt":"2024-11-13T08:52:46","slug":"about","status":"publish","type":"page","link":"https:\/\/o-bdesign.com\/?page_id=3001","title":{"rendered":"\u00c0 Propos"},"content":{"rendered":"\t\t<div data-elementor-type=\"wp-page\" data-elementor-id=\"3001\" class=\"elementor elementor-3001\">\n\t\t\t\t<div class=\"elementor-element elementor-element-e23d33e e-con-full e-flex e-con e-parent\" data-id=\"e23d33e\" data-element_type=\"container\">\n\t\t\t\t<div class=\"elementor-element elementor-element-12f6c871 elementor-widget elementor-widget-banner-title\" data-id=\"12f6c871\" data-element_type=\"widget\" data-widget_type=\"banner-title.default\">\n\t\t\t\t<div class=\"elementor-widget-container\">\n\t\t\t\t\t<section class=\"container-fluid top-banner no-padd  simple  light\">\t\t\t\t<span class=\"overlay\"><\/span>\r\n\t\t\t<img decoding=\"async\" data-lazy-src=\"https:\/\/o-bdesign.com\/wp-content\/uploads\/2024\/05\/About.jpg\" src=\"data:image\/gif;base64,R0lGODdhAQABAIAAAAAAAMzMzCwAAAAAAQABAAACAkQBADs=\" class=\"s-img-switch\" alt=\"\" \/>\t\t\t<div class=\"content\">\r\n\t\t\t\t<div class=\"prague-svg-animation-text\">\r\n\t\t\t\t\t\t\t\t\t<\/div>\r\n\t\t\t\t<div class=\"subtitle\">ABOUT<\/div>\t\t\t\t<h1 class=\"title\">O-B design architecture d\u2019int\u00e9rieur<\/h1>\t\t\t\t\t\t\t\t\t\t\t<\/div>\r\n\t\t\t<div class=\"top-banner-cursor\"><\/div>\r\n\t\t<\/section>\r\n\t\t\t\t<\/div>\n\t\t\t\t<\/div>\n\t\t\t\t<\/div>\n\t\t<div class=\"elementor-element elementor-element-7dfaa33e e-flex e-con-boxed e-con e-parent\" data-id=\"7dfaa33e\" data-element_type=\"container\">\n\t\t\t\t\t<div class=\"e-con-inner\">\n\t\t<div class=\"elementor-element elementor-element-3412a143 e-con-full e-flex e-con e-child\" data-id=\"3412a143\" data-element_type=\"container\">\n\t\t\t\t<div class=\"elementor-element elementor-element-4a0081de elementor-widget elementor-widget-team-widget\" data-id=\"4a0081de\" data-element_type=\"widget\" data-widget_type=\"team-widget.default\">\n\t\t\t\t<div class=\"elementor-widget-container\">\n\t\t\t\t\t\t                <div class=\"team-wrapper  simple no-figure simple\">\r\n                    <div class=\"trans_figures \">\r\n\r\n\t\t\t\t\t\t                            <svg xmlns=\"http:\/\/www.w3.org\/2000\/svg\"\r\n                                 preserveAspectRatio=\"xMidYMid meet\">\r\n\r\n\t\t\t\t\t\t\t\t                                    <polygon fill=\"transparent\"\r\n                                             points=\"\"  \/>\r\n\t\t\t\t\t\t\t\t\r\n                            <\/svg>\r\n\t\t\t\t\t\t                    <\/div>\r\n\r\n                    <div class=\"team-outer\"  style=\" height:600px\">\r\n\t\t\t\t\t\t<img decoding=\"async\" data-lazy-src=\"https:\/\/o-bdesign.com\/wp-content\/uploads\/2024\/11\/WhatsApp-Image-2024-11-12-at-14.53.57-1.jpg\" src=\"data:image\/gif;base64,R0lGODdhAQABAIAAAAAAAMzMzCwAAAAAAQABAAACAkQBADs=\" class=\"prague-team-img s-img-switch\" alt=\"\" \/>                    <\/div>\r\n\r\n\t\t\t\t\t\t\t\t\t\t                <\/div>\r\n\t\t\t\t\t<\/div>\n\t\t\t\t<\/div>\n\t\t\t\t<\/div>\n\t\t<div class=\"elementor-element elementor-element-688a96b4 e-con-full e-flex e-con e-child\" data-id=\"688a96b4\" data-element_type=\"container\">\n\t\t\t\t<div class=\"elementor-element elementor-element-18cbfe69 elementor-widget elementor-widget-headings-widget\" data-id=\"18cbfe69\" data-element_type=\"widget\" data-widget_type=\"headings-widget.default\">\n\t\t\t\t<div class=\"elementor-widget-container\">\n\t\t\t            <div class=\"heading  left dark \">\r\n\t\t\t\t\r\n\t\t\t\t                    <div class=\"subtitle \">OZGE BAYRAKTAROGLU DAUNAY<\/div>\r\n                                \t\t\t\t                <div class=\"content \">\r\n                    <p><p>OB Design est une soci\u00e9t\u00e9 d'architecture d\u2019int\u00e9rieur proposant des conceptions architecturales originales combinant esth\u00e9tique et fonctionnalit\u00e9. Fond\u00e9e \u00e0 Nice par l'architecte d\u2019int\u00e9rieur d'origine turque \u00d6zge Bayraktaro\u011flu Daunay et son \u00e9poux fran\u00e7ais Bastien Daunay, l'entreprise s'est sp\u00e9cialis\u00e9e dans les projets de design int\u00e9rieur de luxe. Les fondateurs, qui ont compl\u00e9t\u00e9 leur formation \u00e0 l'Universit\u00e9 Anadolu d'Eski\u015fehir en Turquie et \u00e0 l'\u00c9cole Sp\u00e9ciale d'Architecture de Paris, b\u00e9n\u00e9ficient d'une exp\u00e9rience internationale et d'un pass\u00e9 professionnel r\u00e9ussi.<\/p><p>OB Design adopte une vision de transformation et de personnalisation des espaces de vie en offrant \u00e0 ses clients des designs uniques et originaux.<\/p><p>OB Design se d\u00e9marque par ses projets ax\u00e9s sur l'esth\u00e9tique et la fonctionnalit\u00e9.<\/p><\/p><\/div>\r\n\t\t\t\t\r\n            <\/div>\r\n\t\t\t\t\t<\/div>\n\t\t\t\t<\/div>\n\t\t\t\t<\/div>\n\t\t\t\t\t<\/div>\n\t\t\t\t<\/div>\n\t\t\t\t<\/div>\n\t\t","protected":false},"excerpt":{"rendered":"","protected":false},"author":1,"featured_media":0,"parent":0,"menu_order":0,"comment_status":"closed","ping_status":"closed","template":"elementor_header_footer","meta":{"footnotes":""},"class_list":["post-3001","page","type-page","status-publish","hentry"],"featured_image_src":"","featured_image_src_square":"","_links":{"self":[{"href":"https:\/\/o-bdesign.com\/index.php?rest_route=\/wp\/v2\/pages\/3001","targetHints":{"allow":["GET"]}}],"collection":[{"href":"https:\/\/o-bdesign.com\/index.php?rest_route=\/wp\/v2\/pages"}],"about":[{"href":"https:\/\/o-bdesign.com\/index.php?rest_route=\/wp\/v2\/types\/page"}],"author":[{"embeddable":true,"href":"https:\/\/o-bdesign.com\/index.php?rest_route=\/wp\/v2\/users\/1"}],"replies":[{"embeddable":true,"href":"https:\/\/o-bdesign.com\/index.php?rest_route=%2Fwp%2Fv2%2Fcomments&post=3001"}],"version-history":[{"count":45,"href":"https:\/\/o-bdesign.com\/index.php?rest_route=\/wp\/v2\/pages\/3001\/revisions"}],"predecessor-version":[{"id":5696,"href":"https:\/\/o-bdesign.com\/index.php?rest_route=\/wp\/v2\/pages\/3001\/revisions\/5696"}],"wp:attachment":[{"href":"https:\/\/o-bdesign.com\/index.php?rest_route=%2Fwp%2Fv2%2Fmedia&parent=3001"}],"curies":[{"name":"wp","href":"https:\/\/api.w.org\/{rel}","templated":true}]}}