{"id":3428,"date":"2023-10-30T10:06:01","date_gmt":"2023-10-30T10:06:01","guid":{"rendered":"https:\/\/demos-prague.foxthemes.me\/elementor\/?page_id=3428"},"modified":"2024-05-07T08:53:19","modified_gmt":"2024-05-07T08:53:19","slug":"contact","status":"publish","type":"page","link":"https:\/\/o-bdesign.com\/?page_id=3428","title":{"rendered":"Contact"},"content":{"rendered":"\t\t<div data-elementor-type=\"wp-page\" data-elementor-id=\"3428\" class=\"elementor elementor-3428\">\n\t\t\t\t<div class=\"elementor-element elementor-element-f5f5179 e-con-full e-flex e-con e-parent\" data-id=\"f5f5179\" data-element_type=\"container\">\n\t\t\t\t<div class=\"elementor-element elementor-element-30ebc68 elementor-widget elementor-widget-banner-title\" data-id=\"30ebc68\" data-element_type=\"widget\" data-widget_type=\"banner-title.default\">\n\t\t\t\t<div class=\"elementor-widget-container\">\n\t\t\t\t\t<section class=\"container-fluid top-banner no-padd  big enable_column  light\">\t\t\t\t<span class=\"overlay\"><\/span>\r\n\t\t\t\t\t\t<div class=\"content\">\r\n\t\t\t\t<div class=\"prague-svg-animation-text\">\r\n\t\t\t\t\t\t\t\t\t<\/div>\r\n\t\t\t\t\t\t\t\t<h1 class=\"title\">CONTACT<\/h1>\t\t\t\t<div class=\"description\"><p><p>Veuillez remplir les champs ci-dessous ou envoyez-nous un courriel directement \u00e0 l'adresse ci-dessus.<\/p><\/p><\/div>\t\t\t\t\t\t\t\t<div class=\"banner-columns\">\r\n\t\t\t\t\t\t\t\t\t\t\t<div class=\"banner-col-item divider\">\r\n\t\t\t\t\t\t\t\t\t\t\t\t\t\t\t<span class=\"title\">T\u00e9l\u00e9phone<\/span>\r\n\t\t\t\t\t\t\t\t\t\t\t\t\t\t\t\t\t\t\t\t\t\t<span class=\"subtitle\">06 24 15 90 80<\/span>\r\n\t\t\t\t\t\t\t\t\t\t\t\t\t<\/div>\r\n\t\t\t\t\t\t\t\t\t\t\t<div class=\"banner-col-item divider\">\r\n\t\t\t\t\t\t\t\t\t\t\t\t\t\t\t<span class=\"title\">E-mail<\/span>\r\n\t\t\t\t\t\t\t\t\t\t\t\t\t\t\t\t\t\t\t\t\t\t<span class=\"subtitle\">contact@o-bdesign.com<\/span>\r\n\t\t\t\t\t\t\t\t\t\t\t\t\t<\/div>\r\n\t\t\t\t\t\t\t\t\t<\/div>\r\n\t\t\t\t\t\t\t<\/div>\r\n\t\t\t<div class=\"top-banner-cursor\"><\/div>\r\n\t\t<\/section>\r\n\t\t\t\t<\/div>\n\t\t\t\t<\/div>\n\t\t\t\t<\/div>\n\t\t<div class=\"elementor-element elementor-element-5cc59fb e-flex e-con-boxed e-con e-parent\" data-id=\"5cc59fb\" data-element_type=\"container\">\n\t\t\t\t\t<div class=\"e-con-inner\">\n\t\t<div class=\"elementor-element elementor-element-6093190 e-flex e-con-boxed e-con e-child\" data-id=\"6093190\" data-element_type=\"container\">\n\t\t\t\t\t<div class=\"e-con-inner\">\n\t\t\t\t\t<\/div>\n\t\t\t\t<\/div>\n\t\t\t\t\t<\/div>\n\t\t\t\t<\/div>\n\t\t<div class=\"elementor-element elementor-element-23c87f7 e-con-full e-flex e-con e-parent\" data-id=\"23c87f7\" data-element_type=\"container\">\n\t\t\t\t<div class=\"elementor-element elementor-element-7057bde elementor-widget__width-initial elementor-widget elementor-widget-formidablez\" data-id=\"7057bde\" data-element_type=\"widget\" data-widget_type=\"formidablez.default\">\n\t\t\t\t<div class=\"elementor-widget-container\">\n\t\t\t\t\t\r\n\t\t\t<div class=\"prague-formidable \"> <div class=\"frm_forms  with_frm_style frm_style_formidable-style-2\" id=\"frm_form_1_container\" >\n<form enctype=\"multipart\/form-data\" method=\"post\" class=\"frm-show-form \" id=\"form_contact-form\" >\n<div class=\"frm_form_fields \">\n<fieldset>\n<legend class=\"frm_screen_reader\">Contact Us<\/legend>\r\n\r\n<div class=\"frm_fields_container\">\n<input type=\"hidden\" name=\"frm_action\" value=\"create\" \/>\n<input type=\"hidden\" name=\"form_id\" value=\"1\" \/>\n<input type=\"hidden\" name=\"frm_hide_fields_1\" id=\"frm_hide_fields_1\" value=\"\" \/>\n<input type=\"hidden\" name=\"form_key\" value=\"contact-form\" \/>\n<input type=\"hidden\" name=\"item_meta[0]\" value=\"\" \/>\n<input type=\"hidden\" id=\"frm_submit_entry_1\" name=\"frm_submit_entry_1\" value=\"54bb3866d5\" \/><input type=\"hidden\" name=\"_wp_http_referer\" value=\"\/index.php?rest_route=%2Fwp%2Fv2%2Fpages%2F3428\" \/><div id=\"frm_field_1_container\" class=\"frm_form_field form-field  frm_required_field frm_top_container frm_first frm_half\">\r\n\t<label for=\"field_qh4icy\" id=\"field_qh4icy_label\" class=\"frm_primary_label\">Nom\r\n\t\t<span class=\"frm_required\" aria-hidden=\"true\">*<\/span>\r\n\t<\/label>\r\n\t<input type=\"text\" id=\"field_qh4icy\" name=\"item_meta[1]\" value=\"\"  data-reqmsg=\"Nom ne peut \u00eatre vide.\" aria-required=\"true\" data-invmsg=\"Nom is invalid\" aria-invalid=\"false\"   aria-describedby=\"frm_desc_field_qh4icy\"\/>\r\n\t<div class=\"frm_description\" id=\"frm_desc_field_qh4icy\">D'abord<\/div>\r\n\t\r\n<\/div>\n<div id=\"frm_field_2_container\" class=\"frm_form_field form-field  frm_required_field frm_hidden_container frm_half\">\r\n\t<label for=\"field_ocfup1\" id=\"field_ocfup1_label\" class=\"frm_primary_label\">Nom de famille\r\n\t\t<span class=\"frm_required\" aria-hidden=\"true\">*<\/span>\r\n\t<\/label>\r\n\t<input type=\"text\" id=\"field_ocfup1\" name=\"item_meta[2]\" value=\"\"  data-reqmsg=\"Nom de famille ne peut \u00eatre vide.\" aria-required=\"true\" data-invmsg=\"Nom de famille is invalid\" aria-invalid=\"false\"   aria-describedby=\"frm_desc_field_ocfup1\"\/>\r\n\t<div class=\"frm_description\" id=\"frm_desc_field_ocfup1\">Derni\u00e8re<\/div>\r\n\t\r\n<\/div>\n<div id=\"frm_field_3_container\" class=\"frm_form_field form-field  frm_required_field frm_top_container frm_full\">\r\n\t<label for=\"field_29yf4d\" id=\"field_29yf4d_label\" class=\"frm_primary_label\">Email\r\n\t\t<span class=\"frm_required\" aria-hidden=\"true\">*<\/span>\r\n\t<\/label>\r\n\t<input type=\"email\" id=\"field_29yf4d\" name=\"item_meta[3]\" value=\"\"  data-reqmsg=\"Email ne peut \u00eatre vide.\" aria-required=\"true\" data-invmsg=\"S&#039;il vous pla\u00eet, mettez une adresse email valide\" aria-invalid=\"false\"  \/>\r\n\t\r\n\t\r\n<\/div>\n<div id=\"frm_field_4_container\" class=\"frm_form_field form-field  frm_required_field frm_top_container frm_full\">\r\n\t<label for=\"field_e6lis6\" id=\"field_e6lis6_label\" class=\"frm_primary_label\">Sujette\r\n\t\t<span class=\"frm_required\" aria-hidden=\"true\">*<\/span>\r\n\t<\/label>\r\n\t<input type=\"text\" id=\"field_e6lis6\" name=\"item_meta[4]\" value=\"\"  data-reqmsg=\"Sujette ne peut \u00eatre vide.\" aria-required=\"true\" data-invmsg=\"Sujette is invalid\" aria-invalid=\"false\"  \/>\r\n\t\r\n\t\r\n<\/div>\n<div id=\"frm_field_5_container\" class=\"frm_form_field form-field  frm_required_field frm_top_container frm_full\">\r\n\t<label for=\"field_9jv0r1\" id=\"field_9jv0r1_label\" class=\"frm_primary_label\">Message\r\n\t\t<span class=\"frm_required\" aria-hidden=\"true\">*<\/span>\r\n\t<\/label>\r\n\t<textarea name=\"item_meta[5]\" id=\"field_9jv0r1\" rows=\"5\"  data-reqmsg=\"Message ne peut \u00eatre vide.\" aria-required=\"true\" data-invmsg=\"Message is invalid\" aria-invalid=\"false\"  ><\/textarea>\r\n\t\r\n\t\r\n<\/div>\n<div id=\"frm_field_7_container\" class=\"frm_form_field form-field  frm_none_container\">\n\t<label for=\"g-recaptcha-response\" id=\"field_pa203_label\" class=\"frm_primary_label\">Captcha\n\t\t<span class=\"frm_required\" aria-hidden=\"true\"><\/span>\n\t<\/label>\n\t<div  id=\"field_pa203\" class=\"g-recaptcha\" data-sitekey=\"6LdedpkrAAAAAKpUI3E3VCHx7I2TxVACm7sFalet\" data-size=\"normal\" data-theme=\"light\"><\/div>\n\t\n\t\n<\/div>\n<div id=\"frm_field_6_container\" class=\"frm_form_field form-field \">\r\n\t<div class=\"frm_submit frm_flex\">\r\n<button class=\"frm_button_submit\" type=\"submit\"  >Soumettre<\/button>\r\n\r\n\r\n\r\n<\/div>\r\n<\/div>\n\t<input type=\"hidden\" name=\"item_key\" value=\"\" \/>\n\t\t\t\t<div class=\"frm__662e1d9b74b3f\">\n\t\t\t\t<label for=\"frm_email_1\" >\n\t\t\t\t\tIf you are human, leave this field blank.\t\t\t\t<\/label>\n\t\t\t\t<input  id=\"frm_email_1\" type=\"text\" class=\"frm_verify\" name=\"frm__662e1d9b74b3f\" value=\"\" autocomplete=\"off\"  \/>\n\t\t\t<\/div>\n\t\t<\/div>\n<\/fieldset>\n<\/div>\n<\/form>\n<\/div>\n\t\t\t<\/div>\r\n\t\t\t<div class=\"test 1\"><\/div>\r\n\t\t\t\r\n\t\t\t<\/div>\n\t\t\t\t<\/div>\n\t\t\t\t<\/div>\n\t\t<div class=\"elementor-element elementor-element-366cbd1 e-con-full e-flex e-con e-parent\" data-id=\"366cbd1\" data-element_type=\"container\">\n\t\t\t\t<div class=\"elementor-element elementor-element-0c7342e elementor-widget elementor-widget-google_maps\" data-id=\"0c7342e\" data-element_type=\"widget\" data-widget_type=\"google_maps.default\">\n\t\t\t\t<div class=\"elementor-widget-container\">\n\t\t\t\t\t<div class=\"elementor-custom-embed\">\n\t\t\t<iframe loading=\"lazy\"\n\t\t\t\t\tsrc=\"https:\/\/maps.google.com\/maps?q=nice%2C%20france&#038;t=m&#038;z=12&#038;output=embed&#038;iwloc=near\"\n\t\t\t\t\ttitle=\"nice, france\"\n\t\t\t\t\taria-label=\"nice, france\"\n\t\t\t><\/iframe>\n\t\t<\/div>\n\t\t\t\t<\/div>\n\t\t\t\t<\/div>\n\t\t\t\t<\/div>\n\t\t<div class=\"elementor-element elementor-element-7460489 e-flex e-con-boxed e-con e-parent\" data-id=\"7460489\" data-element_type=\"container\">\n\t\t\t\t\t<div class=\"e-con-inner\">\n\t\t\t\t<div class=\"elementor-element elementor-element-94218d6 elementor-widget elementor-widget-headings-widget\" data-id=\"94218d6\" data-element_type=\"widget\" data-widget_type=\"headings-widget.default\">\n\t\t\t\t<div class=\"elementor-widget-container\">\n\t\t\t            <div class=\"heading  left dark \">\r\n\t\t\t\t\r\n\t\t\t\t                    <div class=\"subtitle \">T\u00c9MOIGNAGES<\/div>\r\n                                                    <h2 class=\"title s\">Ils nous aiment.<\/h2>\r\n                \t\t\t\t\r\n\t\t\t\t\r\n            <\/div>\r\n\t\t\t\t\t<\/div>\n\t\t\t\t<\/div>\n\t\t\t\t\t<\/div>\n\t\t\t\t<\/div>\n\t\t<div class=\"elementor-element elementor-element-217f30f e-flex e-con-boxed e-con e-parent\" data-id=\"217f30f\" data-element_type=\"container\">\n\t\t\t\t\t<div class=\"e-con-inner\">\n\t\t\t\t<div class=\"elementor-element elementor-element-9ebeb55 elementor-widget__width-inherit elementor-widget elementor-widget-testimonials-widget\" data-id=\"9ebeb55\" data-element_type=\"widget\" data-widget_type=\"testimonials-widget.default\">\n\t\t\t\t<div class=\"elementor-widget-container\">\n\t\t\t\t\t\t<div class=\"testimonials-wrapper no-figure\">\r\n\t\t\t\t<div class=\"testimonials-swiper swiper-container\" data-speed='3000' data-loop='1' data-autoplay='2000' data-center='0' data-mode='vertical' data-slides-per-view='1' data-lg-slides='1,0' data-md-slides='1,0' data-sm-slides='1,0' data-xs-slides='1,0'>\r\n\t\t\t\t<!-- Additional required wrapper -->\r\n\t\t\t\t\t<div class=\"swiper-wrapper\"> \r\n\t\t\t\t\t\t\t\t\t\t\t<div class=\"swiper-slide\">\r\n\t\t\t\t\t\t\t<div class=\"testimonials-item\">\r\n\t\t\t\t\t\t\t\t\t\t\t\t\t\t\t\t<span class=\"testimonials-icon fa fas fa-quote-right\"><\/span>\r\n\t\t\t\t\t\t\t\t\t\t\t\t\r\n\t\t\t\t\t\t\t\t\t\t\t\t\t\t\t\t\t<blockquote class=\"testimonials-description\"><p>Incroyable comme toujours. Ces gars ont d'excellentes comp\u00e9tences en mati\u00e8re de go\u00fbt, de mod\u00e9lisation, de texturation et de rendu. Le design correspond \u00e0 ce que je percevrais comme \u00e9tant islandais, le haut toit en bois et les \u00e9l\u00e9ments et couleurs int\u00e9rieurs \u00e0 lattes lin\u00e9aires.<\/p><\/blockquote>\r\n\t\t\t\t\t\t\t\t\t\t\t\t\t\t\t\t\t\t\t\t\t\t\t\t\t\t<h4 class=\"testimonials-author\">Mark Eganberg<\/h4>\r\n\t\t\t\t\t\t\t\t\t\t\t\t\t\t\t<\/div>\r\n\t\t\t\t\t\t<\/div>   \r\n\t\t\t\t\t\t\t\t\t\t\t<div class=\"swiper-slide\">\r\n\t\t\t\t\t\t\t<div class=\"testimonials-item\">\r\n\t\t\t\t\t\t\t\t\t\t\t\t\t\t\t\t<span class=\"testimonials-icon fa fas fa-quote-right\"><\/span>\r\n\t\t\t\t\t\t\t\t\t\t\t\t\r\n\t\t\t\t\t\t\t\t\t\t\t\t\t\t\t\t\t<blockquote class=\"testimonials-description\"><p>Incroyable comme toujours. Ces gars ont d'excellentes comp\u00e9tences en mati\u00e8re de go\u00fbt, de mod\u00e9lisation, de texturation et de rendu. Le design correspond \u00e0 ce que je percevrais comme \u00e9tant islandais, le haut toit en bois et les \u00e9l\u00e9ments et couleurs int\u00e9rieurs \u00e0 lattes lin\u00e9aires.<\/p><\/blockquote>\r\n\t\t\t\t\t\t\t\t\t\t\t\t\t\t\t\t\t\t\t\t\t\t\t\t\t\t<h4 class=\"testimonials-author\">Jennifer Hilbertson<\/h4>\r\n\t\t\t\t\t\t\t\t\t\t\t\t\t\t\t<\/div>\r\n\t\t\t\t\t\t<\/div>   \r\n\t\t\t\t\t\t\t\t\t\t\t<div class=\"swiper-slide\">\r\n\t\t\t\t\t\t\t<div class=\"testimonials-item\">\r\n\t\t\t\t\t\t\t\t\t\t\t\t\t\t\t\t<span class=\"testimonials-icon fa fas fa-quote-right\"><\/span>\r\n\t\t\t\t\t\t\t\t\t\t\t\t\r\n\t\t\t\t\t\t\t\t\t\t\t\t\t\t\t\t\t<blockquote class=\"testimonials-description\"><p>Incroyable comme toujours. Ces gars ont d'excellentes comp\u00e9tences en mati\u00e8re de go\u00fbt, de mod\u00e9lisation, de texturation et de rendu. Le design correspond \u00e0 ce que je percevrais comme \u00e9tant islandais, le haut toit en bois et les \u00e9l\u00e9ments et couleurs int\u00e9rieurs \u00e0 lattes lin\u00e9aires.<\/p><\/blockquote>\r\n\t\t\t\t\t\t\t\t\t\t\t\t\t\t\t\t\t\t\t\t\t\t\t\t\t\t<h4 class=\"testimonials-author\">Lesley Grand<\/h4>\r\n\t\t\t\t\t\t\t\t\t\t\t\t\t\t\t<\/div>\r\n\t\t\t\t\t\t<\/div>   \r\n\t\t\t\t\t\t\t\t\t\t\t<div class=\"swiper-slide\">\r\n\t\t\t\t\t\t\t<div class=\"testimonials-item\">\r\n\t\t\t\t\t\t\t\t\t\t\t\t\t\t\t\t<span class=\"testimonials-icon fa fas fa-quote-right\"><\/span>\r\n\t\t\t\t\t\t\t\t\t\t\t\t\r\n\t\t\t\t\t\t\t\t\t\t\t\t\t\t\t\t\t<blockquote class=\"testimonials-description\"><p>Incroyable comme toujours. Ces gars ont d'excellentes comp\u00e9tences en mati\u00e8re de go\u00fbt, de mod\u00e9lisation, de texturation et de rendu. Le design correspond \u00e0 ce que je percevrais comme \u00e9tant islandais, le haut toit en bois et les \u00e9l\u00e9ments et couleurs int\u00e9rieurs \u00e0 lattes lin\u00e9aires.<\/p><\/blockquote>\r\n\t\t\t\t\t\t\t\t\t\t\t\t\t\t\t\t\t\t\t\t\t\t\t\t\t\t<h4 class=\"testimonials-author\">John Frick<\/h4>\r\n\t\t\t\t\t\t\t\t\t\t\t\t\t\t\t<\/div>\r\n\t\t\t\t\t\t<\/div>   \r\n\t\t\t\t\t\t\t\t\t\t<\/div>\r\n\t\t\t\t\t<!-- If we need pagination -->\r\n\t\t\t\t\t<div class=\"testimonials-pagination-wrapper\">\r\n\t\t\t\t\t\t<div class=\"swiper-pagination \"><\/div>\r\n\t\t\t\t\t<\/div>\r\n\t\t\t\t<\/div>\r\n\t\t\t\t \r\n\t\t\t<\/div>\r\n\t\t\t\t\t<\/div>\n\t\t\t\t<\/div>\n\t\t\t\t\t<\/div>\n\t\t\t\t<\/div>\n\t\t\t\t<\/div>\n\t\t","protected":false},"excerpt":{"rendered":"","protected":false},"author":1,"featured_media":0,"parent":0,"menu_order":0,"comment_status":"closed","ping_status":"closed","template":"elementor_header_footer","meta":{"footnotes":""},"class_list":["post-3428","page","type-page","status-publish","hentry"],"featured_image_src":"","featured_image_src_square":"","_links":{"self":[{"href":"https:\/\/o-bdesign.com\/index.php?rest_route=\/wp\/v2\/pages\/3428","targetHints":{"allow":["GET"]}}],"collection":[{"href":"https:\/\/o-bdesign.com\/index.php?rest_route=\/wp\/v2\/pages"}],"about":[{"href":"https:\/\/o-bdesign.com\/index.php?rest_route=\/wp\/v2\/types\/page"}],"author":[{"embeddable":true,"href":"https:\/\/o-bdesign.com\/index.php?rest_route=\/wp\/v2\/users\/1"}],"replies":[{"embeddable":true,"href":"https:\/\/o-bdesign.com\/index.php?rest_route=%2Fwp%2Fv2%2Fcomments&post=3428"}],"version-history":[{"count":88,"href":"https:\/\/o-bdesign.com\/index.php?rest_route=\/wp\/v2\/pages\/3428\/revisions"}],"predecessor-version":[{"id":5579,"href":"https:\/\/o-bdesign.com\/index.php?rest_route=\/wp\/v2\/pages\/3428\/revisions\/5579"}],"wp:attachment":[{"href":"https:\/\/o-bdesign.com\/index.php?rest_route=%2Fwp%2Fv2%2Fmedia&parent=3428"}],"curies":[{"name":"wp","href":"https:\/\/api.w.org\/{rel}","templated":true}]}}