{"id":4625,"date":"2023-11-02T05:58:06","date_gmt":"2023-11-02T05:58:06","guid":{"rendered":"https:\/\/demos-prague.foxthemes.me\/elementor\/?page_id=4625"},"modified":"2024-06-28T13:59:47","modified_gmt":"2024-06-28T13:59:47","slug":"work-list","status":"publish","type":"page","link":"https:\/\/o-bdesign.com\/?page_id=4625","title":{"rendered":"Projets"},"content":{"rendered":"\t\t<div data-elementor-type=\"wp-page\" data-elementor-id=\"4625\" class=\"elementor elementor-4625\">\n\t\t\t\t<div class=\"elementor-element elementor-element-12bfbe5 e-flex e-con-boxed e-con e-parent\" data-id=\"12bfbe5\" data-element_type=\"container\">\n\t\t\t\t\t<div class=\"e-con-inner\">\n\t\t\t\t<div class=\"elementor-element elementor-element-8662a6d elementor-widget elementor-widget-custom-post-type-widget\" data-id=\"8662a6d\" data-element_type=\"widget\" data-widget_type=\"custom-post-type-widget.default\">\n\t\t\t\t<div class=\"elementor-widget-container\">\n\t\t\t<div data-unique-key=\"139714cb2b9c35c987d2544328454258\" class=\"js-load-more\" data-start-page=\"1\" data-max-page=\"1\" data-next-link=\"\"><div class=\"row prague_list   js-load-more-block no-footer-content prague-load-wrapper\" data-columns=\"\" data-gap=\"\"><div class=\"project-list-item js-filter-simple-block\"> \r\n\t<div class=\"project-list-outer\">\r\n\r\n\t\t\t\t\r\n\t\t<div class=\"project-list-wrapper\">\r\n\r\n\t\t\t<div class=\"project-list-img\"> \r\n\t\t\t\t<img fetchpriority=\"high\" decoding=\"async\" width=\"1629\" height=\"2440\" src=\"https:\/\/o-bdesign.com\/wp-content\/uploads\/2026\/04\/AL26_OB_DESIGN_45PROM_DSC5594_WEB-1.jpg\" class=\"s-img-switch wp-post-image\" alt=\"\" data-lazy-src=\"https:\/\/o-bdesign.com\/wp-content\/uploads\/2026\/04\/AL26_OB_DESIGN_45PROM_DSC5594_WEB-1.jpg\" \/>\t\t\t<\/div>\r\n\r\n\t\t\t<div class=\"project-list-content\">\r\n\r\n\t\t\t\t \r\n\r\n\t\t\t\t<h3 class=\"project-list-title\"><a href=\"https:\/\/o-bdesign.com\/?projects=blue-horizon\" target=\"_self\">Blue Horizon<\/a><\/h3>\r\n\t\t\t\t<div class=\"project-list-excerpt\">\r\n\t\t\t\t\t<p><p>&#8220;R\u00e9v\u00e9ler l\u2019essentiel : la lumi\u00e8re, la vue, et l\u2019\u00e9l\u00e9gance du lieu.&#8221;<\/p>\n<\/p>\r\n\t\t\t\t<\/div>\r\n\r\n\t\t\t\t<a href=\"https:\/\/o-bdesign.com\/?projects=blue-horizon\" class=\"project-list-link a-btn-arrow-2\" target=\"_self\">\r\n\t\t\t\t\t<span class=\"arrow-right\"><\/span>\r\n\t\t\t\t\tREAD\t\t\t\t<\/a>\r\n\r\n\t\t\t<\/div>\r\n\t\t<\/div>\r\n\t<\/div>\r\n<\/div><div class=\"project-list-item js-filter-simple-block column_paralax\"> \r\n\t<div class=\"project-list-outer\">\r\n\r\n\t\t\t\t\r\n\t\t<div class=\"project-list-wrapper\">\r\n\r\n\t\t\t<div class=\"project-list-img\"> \r\n\t\t\t\t<img decoding=\"async\" width=\"1472\" height=\"1963\" src=\"https:\/\/o-bdesign.com\/wp-content\/uploads\/2024\/04\/1.jpg\" class=\"s-img-switch wp-post-image\" alt=\"\" data-lazy-src=\"https:\/\/o-bdesign.com\/wp-content\/uploads\/2024\/04\/1.jpg\" \/>\t\t\t<\/div>\r\n\r\n\t\t\t<div class=\"project-list-content\">\r\n\r\n\t\t\t\t \r\n\r\n\t\t\t\t<h3 class=\"project-list-title\"><a href=\"https:\/\/o-bdesign.com\/?projects=projet-harmonie\" target=\"_self\">Projet Harmonie<\/a><\/h3>\r\n\t\t\t\t<div class=\"project-list-excerpt\">\r\n\t\t\t\t\t<p><p>&#8220;Ce projet a \u00e9t\u00e9 con\u00e7u pour r\u00e9pondre aux besoins de la vie moderne en associant l&#8217;esth\u00e9tique et la fonctionnalit\u00e9 du<\/p>\n<\/p>\r\n\t\t\t\t<\/div>\r\n\r\n\t\t\t\t<a href=\"https:\/\/o-bdesign.com\/?projects=projet-harmonie\" class=\"project-list-link a-btn-arrow-2\" target=\"_self\">\r\n\t\t\t\t\t<span class=\"arrow-right\"><\/span>\r\n\t\t\t\t\tREAD\t\t\t\t<\/a>\r\n\r\n\t\t\t<\/div>\r\n\t\t<\/div>\r\n\t<\/div>\r\n<\/div><div class=\"project-list-item js-filter-simple-block\"> \r\n\t<div class=\"project-list-outer\">\r\n\r\n\t\t\t\t\r\n\t\t<div class=\"project-list-wrapper\">\r\n\r\n\t\t\t<div class=\"project-list-img\"> \r\n\t\t\t\t<img decoding=\"async\" width=\"1923\" height=\"1442\" src=\"https:\/\/o-bdesign.com\/wp-content\/uploads\/2024\/04\/AL24_OB_DESIGN_71_PROM_052.jpg\" class=\"s-img-switch wp-post-image\" alt=\"\" data-lazy-src=\"https:\/\/o-bdesign.com\/wp-content\/uploads\/2024\/04\/AL24_OB_DESIGN_71_PROM_052.jpg\" \/>\t\t\t<\/div>\r\n\r\n\t\t\t<div class=\"project-list-content\">\r\n\r\n\t\t\t\t \r\n\r\n\t\t\t\t<h3 class=\"project-list-title\"><a href=\"https:\/\/o-bdesign.com\/?projects=projet-serenite\" target=\"_self\">Projet Serenit\u00e9<\/a><\/h3>\r\n\t\t\t\t<div class=\"project-list-excerpt\">\r\n\t\t\t\t\t<p><p>&#8220;Ce projet a \u00e9t\u00e9 r\u00e9alis\u00e9 en combinant deux appartements pour en faire un seul.&#8221;<\/p>\n<\/p>\r\n\t\t\t\t<\/div>\r\n\r\n\t\t\t\t<a href=\"https:\/\/o-bdesign.com\/?projects=projet-serenite\" class=\"project-list-link a-btn-arrow-2\" target=\"_self\">\r\n\t\t\t\t\t<span class=\"arrow-right\"><\/span>\r\n\t\t\t\t\tREAD\t\t\t\t<\/a>\r\n\r\n\t\t\t<\/div>\r\n\t\t<\/div>\r\n\t<\/div>\r\n<\/div><div class=\"project-list-item js-filter-simple-block\"> \r\n\t<div class=\"project-list-outer\">\r\n\r\n\t\t\t\t\r\n\t\t<div class=\"project-list-wrapper\">\r\n\r\n\t\t\t<div class=\"project-list-img\"> \r\n\t\t\t\t<img loading=\"lazy\" decoding=\"async\" width=\"1436\" height=\"959\" src=\"https:\/\/o-bdesign.com\/wp-content\/uploads\/2024\/05\/AL24_OB_DESIGN_CIMIEZ_DSC0408.jpg\" class=\"s-img-switch wp-post-image\" alt=\"\" data-lazy-src=\"https:\/\/o-bdesign.com\/wp-content\/uploads\/2024\/05\/AL24_OB_DESIGN_CIMIEZ_DSC0408.jpg\" \/>\t\t\t<\/div>\r\n\r\n\t\t\t<div class=\"project-list-content\">\r\n\r\n\t\t\t\t \r\n\r\n\t\t\t\t<h3 class=\"project-list-title\"><a href=\"https:\/\/o-bdesign.com\/?projects=projet-fusion\" target=\"_self\">Projet Fusion<\/a><\/h3>\r\n\t\t\t\t<div class=\"project-list-excerpt\">\r\n\t\t\t\t\t<p><p>&#8220;Ce projet repr\u00e9sente une r\u00e9sidence de jardin sp\u00e9ciale caract\u00e9ris\u00e9e par l&#8217;\u00e9l\u00e9gante fusion des \u00e9l\u00e9ments de l&#8217;architecture classique et contemporaine.&#8221;<\/p>\n<\/p>\r\n\t\t\t\t<\/div>\r\n\r\n\t\t\t\t<a href=\"https:\/\/o-bdesign.com\/?projects=projet-fusion\" class=\"project-list-link a-btn-arrow-2\" target=\"_self\">\r\n\t\t\t\t\t<span class=\"arrow-right\"><\/span>\r\n\t\t\t\t\tREAD\t\t\t\t<\/a>\r\n\r\n\t\t\t<\/div>\r\n\t\t<\/div>\r\n\t<\/div>\r\n<\/div><div class=\"project-list-item js-filter-simple-block column_paralax\"> \r\n\t<div class=\"project-list-outer\">\r\n\r\n\t\t\t\t\r\n\t\t<div class=\"project-list-wrapper\">\r\n\r\n\t\t\t<div class=\"project-list-img\"> \r\n\t\t\t\t<img loading=\"lazy\" decoding=\"async\" width=\"2560\" height=\"1920\" src=\"https:\/\/o-bdesign.com\/wp-content\/uploads\/2024\/05\/08-scaled.jpg\" class=\"s-img-switch wp-post-image\" alt=\"\" data-lazy-src=\"https:\/\/o-bdesign.com\/wp-content\/uploads\/2024\/05\/08-scaled.jpg\" \/>\t\t\t<\/div>\r\n\r\n\t\t\t<div class=\"project-list-content\">\r\n\r\n\t\t\t\t \r\n\r\n\t\t\t\t<h3 class=\"project-list-title\"><a href=\"https:\/\/o-bdesign.com\/?projects=projet-epure\" target=\"_self\">Projet \u00c9pur\u00e9<\/a><\/h3>\r\n\t\t\t\t<div class=\"project-list-excerpt\">\r\n\t\t\t\t\t<p><p>&#8220;Ce projet utilise efficacement un espace limit\u00e9 en offrant deux chambres et un grand espace de vie. Il est con\u00e7u<\/p>\n<\/p>\r\n\t\t\t\t<\/div>\r\n\r\n\t\t\t\t<a href=\"https:\/\/o-bdesign.com\/?projects=projet-epure\" class=\"project-list-link a-btn-arrow-2\" target=\"_self\">\r\n\t\t\t\t\t<span class=\"arrow-right\"><\/span>\r\n\t\t\t\t\tREAD\t\t\t\t<\/a>\r\n\r\n\t\t\t<\/div>\r\n\t\t<\/div>\r\n\t<\/div>\r\n<\/div><div class=\"project-list-item js-filter-simple-block\"> \r\n\t<div class=\"project-list-outer\">\r\n\r\n\t\t\t\t\r\n\t\t<div class=\"project-list-wrapper\">\r\n\r\n\t\t\t<div class=\"project-list-img\"> \r\n\t\t\t\t<img loading=\"lazy\" decoding=\"async\" width=\"1200\" height=\"1600\" src=\"https:\/\/o-bdesign.com\/wp-content\/uploads\/2024\/05\/WhatsApp-Image-2024-06-14-at-17.41.20.jpeg\" class=\"s-img-switch wp-post-image\" alt=\"\" data-lazy-src=\"https:\/\/o-bdesign.com\/wp-content\/uploads\/2024\/05\/WhatsApp-Image-2024-06-14-at-17.41.20.jpeg\" \/>\t\t\t<\/div>\r\n\r\n\t\t\t<div class=\"project-list-content\">\r\n\r\n\t\t\t\t \r\n\r\n\t\t\t\t<h3 class=\"project-list-title\"><a href=\"https:\/\/o-bdesign.com\/?projects=projet-mervista\" target=\"_self\">Projet Mervista<\/a><\/h3>\r\n\t\t\t\t<div class=\"project-list-excerpt\">\r\n\t\t\t\t\t<p><p>&#8220;Ce projet repr\u00e9sente un studio sp\u00e9cial offrant un espace de vie spacieux en utilisant au maximum un espace limit\u00e9.&#8221;<\/p>\n<\/p>\r\n\t\t\t\t<\/div>\r\n\r\n\t\t\t\t<a href=\"https:\/\/o-bdesign.com\/?projects=projet-mervista\" class=\"project-list-link a-btn-arrow-2\" target=\"_self\">\r\n\t\t\t\t\t<span class=\"arrow-right\"><\/span>\r\n\t\t\t\t\tREAD\t\t\t\t<\/a>\r\n\r\n\t\t\t<\/div>\r\n\t\t<\/div>\r\n\t<\/div>\r\n<\/div>\t\t<\/div>\r\n\t\t\t\r\n\t\t<\/div>\r\n\t\t\t\t<\/div>\n\t\t\t\t<\/div>\n\t\t\t\t\t<\/div>\n\t\t\t\t<\/div>\n\t\t\t\t<\/div>\n\t\t","protected":false},"excerpt":{"rendered":"","protected":false},"author":1,"featured_media":0,"parent":0,"menu_order":0,"comment_status":"closed","ping_status":"closed","template":"elementor_header_footer","meta":{"footnotes":""},"class_list":["post-4625","page","type-page","status-publish","hentry"],"featured_image_src":"","featured_image_src_square":"","_links":{"self":[{"href":"https:\/\/o-bdesign.com\/index.php?rest_route=\/wp\/v2\/pages\/4625","targetHints":{"allow":["GET"]}}],"collection":[{"href":"https:\/\/o-bdesign.com\/index.php?rest_route=\/wp\/v2\/pages"}],"about":[{"href":"https:\/\/o-bdesign.com\/index.php?rest_route=\/wp\/v2\/types\/page"}],"author":[{"embeddable":true,"href":"https:\/\/o-bdesign.com\/index.php?rest_route=\/wp\/v2\/users\/1"}],"replies":[{"embeddable":true,"href":"https:\/\/o-bdesign.com\/index.php?rest_route=%2Fwp%2Fv2%2Fcomments&post=4625"}],"version-history":[{"count":14,"href":"https:\/\/o-bdesign.com\/index.php?rest_route=\/wp\/v2\/pages\/4625\/revisions"}],"predecessor-version":[{"id":5625,"href":"https:\/\/o-bdesign.com\/index.php?rest_route=\/wp\/v2\/pages\/4625\/revisions\/5625"}],"wp:attachment":[{"href":"https:\/\/o-bdesign.com\/index.php?rest_route=%2Fwp%2Fv2%2Fmedia&parent=4625"}],"curies":[{"name":"wp","href":"https:\/\/api.w.org\/{rel}","templated":true}]}}