{"id":3001,"date":"2023-10-27T06:46:11","date_gmt":"2023-10-27T06:46:11","guid":{"rendered":"https:\/\/demos-prague.foxthemes.me\/elementor\/?page_id=3001"},"modified":"2024-11-13T09:20:40","modified_gmt":"2024-11-13T09:20:40","slug":"hakkinda","status":"publish","type":"page","link":"https:\/\/o-bdesign.com\/tr\/?page_id=3001","title":{"rendered":"Hakkinda"},"content":{"rendered":"\t\t<div data-elementor-type=\"wp-page\" data-elementor-id=\"3001\" class=\"elementor elementor-3001\">\n\t\t\t\t<div class=\"elementor-element elementor-element-e23d33e e-con-full e-flex e-con e-parent\" data-id=\"e23d33e\" data-element_type=\"container\">\n\t\t\t\t<div class=\"elementor-element elementor-element-12f6c871 elementor-widget elementor-widget-banner-title\" data-id=\"12f6c871\" data-element_type=\"widget\" data-widget_type=\"banner-title.default\">\n\t\t\t\t<div class=\"elementor-widget-container\">\n\t\t\t\t\t<section class=\"container-fluid top-banner no-padd  simple  light\">\t\t\t\t<span class=\"overlay\"><\/span>\r\n\t\t\t<img decoding=\"async\" data-lazy-src=\"https:\/\/o-bdesign.com\/tr\/wp-content\/uploads\/2024\/05\/About.jpg\" src=\"data:image\/gif;base64,R0lGODdhAQABAIAAAAAAAMzMzCwAAAAAAQABAAACAkQBADs=\" class=\"s-img-switch\" alt=\"\" \/>\t\t\t<div class=\"content\">\r\n\t\t\t\t<div class=\"prague-svg-animation-text\">\r\n\t\t\t\t\t\t\t\t\t<\/div>\r\n\t\t\t\t<div class=\"subtitle\">HAKKINDA<\/div>\t\t\t\t<h1 class=\"title\">O-B Design<\/h1>\t\t\t\t\t\t\t\t\t\t\t<\/div>\r\n\t\t\t<div class=\"top-banner-cursor\"><\/div>\r\n\t\t<\/section>\r\n\t\t\t\t<\/div>\n\t\t\t\t<\/div>\n\t\t\t\t<\/div>\n\t\t<div class=\"elementor-element elementor-element-7dfaa33e e-flex e-con-boxed e-con e-parent\" data-id=\"7dfaa33e\" data-element_type=\"container\">\n\t\t\t\t\t<div class=\"e-con-inner\">\n\t\t<div class=\"elementor-element elementor-element-3412a143 e-con-full e-flex e-con e-child\" data-id=\"3412a143\" data-element_type=\"container\">\n\t\t\t\t<div class=\"elementor-element elementor-element-4a0081de elementor-widget elementor-widget-team-widget\" data-id=\"4a0081de\" data-element_type=\"widget\" data-widget_type=\"team-widget.default\">\n\t\t\t\t<div class=\"elementor-widget-container\">\n\t\t\t\t\t\t                <div class=\"team-wrapper  simple no-figure simple\">\r\n                    <div class=\"trans_figures \">\r\n\r\n\t\t\t\t\t\t                            <svg xmlns=\"http:\/\/www.w3.org\/2000\/svg\"\r\n                                 preserveAspectRatio=\"xMidYMid meet\">\r\n\r\n\t\t\t\t\t\t\t\t                                    <polygon fill=\"transparent\"\r\n                                             points=\"\"  \/>\r\n\t\t\t\t\t\t\t\t\r\n                            <\/svg>\r\n\t\t\t\t\t\t                    <\/div>\r\n\r\n                    <div class=\"team-outer\"  style=\" height:600px\">\r\n\t\t\t\t\t\t<img decoding=\"async\" data-lazy-src=\"https:\/\/o-bdesign.com\/tr\/wp-content\/uploads\/2024\/11\/WhatsApp-Image-2024-11-12-at-14.53.57-1.jpg\" src=\"data:image\/gif;base64,R0lGODdhAQABAIAAAAAAAMzMzCwAAAAAAQABAAACAkQBADs=\" class=\"prague-team-img s-img-switch\" alt=\"\" \/>                    <\/div>\r\n\r\n\t\t\t\t\t\t\t\t\t\t                <\/div>\r\n\t\t\t\t\t<\/div>\n\t\t\t\t<\/div>\n\t\t\t\t<\/div>\n\t\t<div class=\"elementor-element elementor-element-688a96b4 e-con-full e-flex e-con e-child\" data-id=\"688a96b4\" data-element_type=\"container\">\n\t\t\t\t<div class=\"elementor-element elementor-element-18cbfe69 elementor-widget elementor-widget-headings-widget\" data-id=\"18cbfe69\" data-element_type=\"widget\" data-widget_type=\"headings-widget.default\">\n\t\t\t\t<div class=\"elementor-widget-container\">\n\t\t\t            <div class=\"heading  left dark \">\r\n\t\t\t\t\r\n\t\t\t\t                    <div class=\"subtitle \">OZGE BAYRAKTAROGLU DAUNAY<\/div>\r\n                                \t\t\t\t                <div class=\"content \">\r\n                    <p><p>OB Design, estetik ve fonksiyonelli\u011fi birle\u015ftiren \u00f6zg\u00fcn mimari tasar\u0131mlar sunan bir i\u00e7 mimarl\u0131k \u015firketidir. T\u00fcrk as\u0131ll\u0131 i\u00e7 mimar \u00d6zge Bayraktaro\u011flu Daunay ve Frans\u0131z e\u015fi Bastien Daunay taraf\u0131ndan Nice\u2019te kurulan \u015firket, l\u00fcks i\u00e7 mekan tasar\u0131m\u0131 projelerinde uzmanla\u015fm\u0131\u015ft\u0131r. Kurucular, e\u011fitimlerini T\u00fcrkiye\u2019de Eski\u015fehir Anadolu \u00dcniversitesi ve Paris\u2019te \u00c9cole Sp\u00e9ciale d\u2019Architecture\u2019da tamamlam\u0131\u015f olup, uluslararas\u0131 deneyime ve ba\u015far\u0131l\u0131 bir mesleki ge\u00e7mi\u015fe sahiptir.<\/p><p>OB Design, ya\u015fam alanlar\u0131n\u0131 d\u00f6n\u00fc\u015ft\u00fcrme ve ki\u015fiselle\u015ftirme vizyonuyla, m\u00fc\u015fterilerine \u00f6zg\u00fcn ve benzersiz tasar\u0131mlar sunmaktad\u0131r. \u015eirket, estetik ve i\u015flevselli\u011fe odaklanan projeleriyle \u00f6ne \u00e7\u0131kmaktad\u0131r.<\/p><\/p><\/div>\r\n\t\t\t\t\r\n            <\/div>\r\n\t\t\t\t\t<\/div>\n\t\t\t\t<\/div>\n\t\t\t\t<\/div>\n\t\t\t\t\t<\/div>\n\t\t\t\t<\/div>\n\t\t\t\t<\/div>\n\t\t","protected":false},"excerpt":{"rendered":"","protected":false},"author":1,"featured_media":0,"parent":0,"menu_order":0,"comment_status":"closed","ping_status":"closed","template":"elementor_header_footer","meta":{"footnotes":""},"class_list":["post-3001","page","type-page","status-publish","hentry"],"featured_image_src":"","featured_image_src_square":"","_links":{"self":[{"href":"https:\/\/o-bdesign.com\/tr\/index.php?rest_route=\/wp\/v2\/pages\/3001","targetHints":{"allow":["GET"]}}],"collection":[{"href":"https:\/\/o-bdesign.com\/tr\/index.php?rest_route=\/wp\/v2\/pages"}],"about":[{"href":"https:\/\/o-bdesign.com\/tr\/index.php?rest_route=\/wp\/v2\/types\/page"}],"author":[{"embeddable":true,"href":"https:\/\/o-bdesign.com\/tr\/index.php?rest_route=\/wp\/v2\/users\/1"}],"replies":[{"embeddable":true,"href":"https:\/\/o-bdesign.com\/tr\/index.php?rest_route=%2Fwp%2Fv2%2Fcomments&post=3001"}],"version-history":[{"count":55,"href":"https:\/\/o-bdesign.com\/tr\/index.php?rest_route=\/wp\/v2\/pages\/3001\/revisions"}],"predecessor-version":[{"id":5724,"href":"https:\/\/o-bdesign.com\/tr\/index.php?rest_route=\/wp\/v2\/pages\/3001\/revisions\/5724"}],"wp:attachment":[{"href":"https:\/\/o-bdesign.com\/tr\/index.php?rest_route=%2Fwp%2Fv2%2Fmedia&parent=3001"}],"curies":[{"name":"wp","href":"https:\/\/api.w.org\/{rel}","templated":true}]}}